{"id":207,"date":"2020-12-03T16:44:14","date_gmt":"2020-12-03T15:44:14","guid":{"rendered":"https:\/\/www.hp-nolte.de\/wps\/?page_id=207"},"modified":"2020-12-03T16:44:15","modified_gmt":"2020-12-03T15:44:15","slug":"anfahrt","status":"publish","type":"page","link":"https:\/\/www.hp-nolte.de\/wps\/anfahrt\/","title":{"rendered":"Anfahrt"},"content":{"rendered":"\n<p><strong>Mit Zug und Bus:<\/strong><\/p>\n\n\n\n<p>Von Hannover f\u00e4hrt halbst\u00fcndlich ein Zug nach Wunstorf ( Fahrzeit: 12 min.). Aus den Richtungen Nienburg und Minden halten die Z\u00fcge st\u00fcndlich in Wunstorf. Am Bahnhof nehmen Sie sich entweder ein Taxi und sind in weniger als 10 Minuten am Ziel oder steigen in einen Bus der Linie 701 mit Ziel &#8222;In den Ellern&#8220;! Von der Bushaltestelle sind es dann noch ~70m Richtung Haste\/Bad Nenndorf.<\/p>\n\n\n\n<p>Oder sie&nbsp; g\u00f6nnen sich ab dem Wunstorfer-Bahnhof einen Spaziergang \u00fcber die Hindenburgstra\u00dfe durch die sch\u00f6ne Wunstorfer Fu\u00dfg\u00e4ngerzone (S\u00fcdstra\u00dfe &#8211; Langestra\u00dfe). Die Verl\u00e4ngerung der Langestra\u00dfe ist dann schon die Haster Stra\u00dfe. F\u00fcr diesen Spaziergang sollten Sie 20-30 Minuten einplanen.<\/p>\n\n\n\n<p><strong>Mit dem Auto:<\/strong><\/p>\n\n\n\n<p>Aus Richtung Hannover nehmen Sie die Abfahrt Wunstorf \/Luthe folgen der Bundesstra\u00dfe bis \u00fcber die Hochstra\u00dfe (die ihrem Namen alle Ehre macht). An der 3.Ampel der Hochstra\u00dfe ordnen Sie sich in der Mittleren Spur ein. An der n\u00e4chsten Ampel links (D\u00fcendorfer Weg) fahren sie an der JohanniterWache vorbei und biegen am Stop-Schild rechts ab. Nun folgen sie der Stra\u00dfenf\u00fchrung (Barnestra\u00dfe und Langestra\u00dfe) bis zum n\u00e4chsten Stop-Schild (Achtung: 30-Zone)! Nun sehen sie die Praxis \u00fcber die Kreuzung hinweg auf der rechten Seite.<\/p>\n\n\n\n<p>Aus Richtung Dortmund nehmen Sie die Abfahrt Bad Nenndorf und folgen der Bundesstra\u00dfe Richtung Haste. Sie passieren einige D\u00f6rfer und fahren nach dem Ort Haste \u00fcber den Mittellandkanal nach Wunstorf (Achtung: 50km\/h &#8211; kleines Ger\u00e4t macht unsch\u00f6ne schwarz-wei\u00df Bilder). Nach der ersten Kurve in Wunstorf haben Sie die Praxis auf der linken Seite liegend erreicht.<\/p>\n\n\n\n<p><strong>Sie k\u00f6nnen selbstverst\u00e4ndlich auf unserem Hof parken!!!<\/strong><\/p>\n","protected":false},"excerpt":{"rendered":"<p>Mit Zug und Bus: Von Hannover f\u00e4hrt halbst\u00fcndlich ein Zug nach Wunstorf ( Fahrzeit: 12 min.). Aus den Richtungen Nienburg und Minden halten die Z\u00fcge st\u00fcndlich in Wunstorf. Am Bahnhof nehmen Sie sich entweder ein Taxi und sind in weniger als 10 Minuten am Ziel oder steigen in einen Bus der Linie 701 mit Ziel [&hellip;]<\/p>\n","protected":false},"author":1,"featured_media":0,"parent":0,"menu_order":0,"comment_status":"closed","ping_status":"closed","template":"","meta":{"footnotes":""},"class_list":["post-207","page","type-page","status-publish","hentry"],"_links":{"self":[{"href":"https:\/\/www.hp-nolte.de\/wps\/wp-json\/wp\/v2\/pages\/207","targetHints":{"allow":["GET"]}}],"collection":[{"href":"https:\/\/www.hp-nolte.de\/wps\/wp-json\/wp\/v2\/pages"}],"about":[{"href":"https:\/\/www.hp-nolte.de\/wps\/wp-json\/wp\/v2\/types\/page"}],"author":[{"embeddable":true,"href":"https:\/\/www.hp-nolte.de\/wps\/wp-json\/wp\/v2\/users\/1"}],"replies":[{"embeddable":true,"href":"https:\/\/www.hp-nolte.de\/wps\/wp-json\/wp\/v2\/comments?post=207"}],"version-history":[{"count":1,"href":"https:\/\/www.hp-nolte.de\/wps\/wp-json\/wp\/v2\/pages\/207\/revisions"}],"predecessor-version":[{"id":208,"href":"https:\/\/www.hp-nolte.de\/wps\/wp-json\/wp\/v2\/pages\/207\/revisions\/208"}],"wp:attachment":[{"href":"https:\/\/www.hp-nolte.de\/wps\/wp-json\/wp\/v2\/media?parent=207"}],"curies":[{"name":"wp","href":"https:\/\/api.w.org\/{rel}","templated":true}]}}