{"id":196,"date":"2020-11-27T14:10:15","date_gmt":"2020-11-27T13:10:15","guid":{"rendered":"https:\/\/www.hp-nolte.de\/wps\/?page_id=196"},"modified":"2020-11-27T14:13:47","modified_gmt":"2020-11-27T13:13:47","slug":"krankheiten","status":"publish","type":"page","link":"https:\/\/www.hp-nolte.de\/wps\/krankheiten\/","title":{"rendered":"Krankheiten"},"content":{"rendered":"\n<figure class=\"wp-block-table\"><table><tbody><tr><td><strong>die u.a. in der naturheilkundlichen Praxis therapiert werden k\u00f6nnen :<\/strong><\/td><\/tr><\/tbody><\/table><\/figure>\n\n\n\n<p>Mit der Akupunktur wendet man sich an die energetische Dysbalance , die w\u00e4hrend einer Erkrankung im K\u00f6rper herrscht. Gelingt es durch die Akupunktur dieses Energiegleichgewicht wieder herzustellen, klingt die Krankheit ab und der Patient f\u00fchlt sich zunehmend besser .<\/p>\n\n\n\n<p>Von daher ist die Akupunktur nahezu immer einsetzbar. Es ist also nicht m\u00f6glich eine Liste der zu behandeln m\u00f6glichen Krankheiten zu erstellen.<\/p>\n\n\n\n<p>Bei Erkrankung des Bewegungsapparates kann die Akupunktur ebenfalls Anwendung finden , da h\u00e4ufig aber Blockierungen vorliegen, die mit Chiropraktik oder Osteopathie schneller behoben werden k\u00f6nnen, setze ich diese Therapien dabei bevorzugt ein.<\/p>\n\n\n\n<p>Bei Osteoporotikern hat sich vor allem die Osteopathie bew\u00e4hrt, die ohne Impulstechnik ausgef\u00fchrt wird. Dar\u00fcberhinausgehend ist die Osteopathie auch f\u00fcr \u00e4ltere Menschen eine schonendere und die Weichteile (Muskeln und B\u00e4nder) st\u00e4rker ber\u00fccksichtigende Therapie. Bei S\u00e4uglingen kann mit dieser Therapie recht schonend die Problematik des KISS (Kopfgelenk induzierte Symmetriest\u00f6rung) -Syndroms behandelt werden.<\/p>\n\n\n\n<p>Liegen Nervenschmerzen durch Fehlstellungen der Wirbel (evtl. infolge muskul\u00e4rer Ungleichgewichte) vor, so k\u00f6nnen diese mittels der Neutraltherapie gut behandelt werden.<\/p>\n\n\n\n<div class=\"wp-block-image\"><figure class=\"aligncenter size-large\"><img loading=\"lazy\" decoding=\"async\" width=\"533\" height=\"400\" src=\"https:\/\/www.hp-nolte.de\/wps\/wp-content\/uploads\/2020\/11\/Nicole1-1.jpg\" alt=\"\" class=\"wp-image-74\" srcset=\"https:\/\/www.hp-nolte.de\/wps\/wp-content\/uploads\/2020\/11\/Nicole1-1.jpg 533w, https:\/\/www.hp-nolte.de\/wps\/wp-content\/uploads\/2020\/11\/Nicole1-1-300x225.jpg 300w\" sizes=\"auto, (max-width: 533px) 100vw, 533px\" \/><\/figure><\/div>\n\n\n\n<p><strong>Therapien:<\/strong><\/p>\n\n\n\n<p>Chiropraktik \/ Osteopathie (auch f\u00fcr Kinder)<\/p>\n\n\n\n<p>Akupunktur \/ Laserakupunktur (f. Kinder)<\/p>\n\n\n\n<p>Neuraltherapie<\/p>\n\n\n\n<p>Podo-Orthesiologie<\/p>\n\n\n\n<p>Elektrotherapie ( u.a. Laser)<\/p>\n\n\n\n<p>W\u00e4rmeanwendung<\/p>\n\n\n\n<p>Baunscheidtieren<\/p>\n\n\n\n<p>Nasale Reflextherapie<\/p>\n\n\n\n<p>Eigenbluttherapie<\/p>\n\n\n\n<p>Phytotherapie<\/p>\n\n\n\n<p>Hom\u00f6opathie<\/p>\n\n\n\n<p>kinesiologische Austestungen ( f\u00fcr Bachbl\u00fcten, Medikamentenvertr\u00e4glichkeit, Allergene).<\/p>\n\n\n\n<p><strong>Aus rechtlichen Gr\u00fcnden wird darauf hingewiesen, dass in der Benennung der beispielhaft aufgef\u00fchrten Anwendungsgebiete selbstverst\u00e4ndlich kein Heilversprechen oder die Garantie einer Linderung oder Verbesserung aufgef\u00fchrter Krankheitszust\u00e4nde liegen kann. Die Anwendungsgebiete beruhen auf Erkenntnissen und Erfahrungen in der hier vorgestellten Therapierichtung (Osteopathie) selbst. Nicht f\u00fcr jeden Bereich besteht eine relevante Anzahl von gesicherten wissenschaftlichen Erkenntnissen, d.h. evidenzbasierten Studien, die die Wirkung bzw. therapeutische Wirksamkeit belegen.<\/strong><strong><\/strong><\/p>\n\n\n\n<p>Die Wirbels\u00e4ule:<\/p>\n\n\n\n<p>Die Wirbels\u00e4ule besteht aus 24&nbsp; Wirbeln, den 7 Hals-, 12 Brust- und 5 Lendenwirbeln, sowie dem Kreuz- und Stei\u00dfbein. An jedem Wirbel finden wir 4 Gelenkfl\u00e4chen ( 2 obere u. 2 untere ), durch die jeder Wirbel mit dem direkt \u00fcber und unter ihm liegenden Wirbel gelenkig verbunden ist. Zwischen den Wirbelk\u00f6rpern befinden sich die Bandscheiben &#8211; insgesamt 23 an der Zahl, denn zwischen dem 1.u.2. Halswirbel gibt es keine Bandscheibe. Daher ist die Aussage: &#8222;Ich hab\u00b4es mit der Bandscheibe!&#8220; mehr als ungenau!<\/p>\n\n\n\n<p>Jeder Wirbel hat zus\u00e4tzlich noch einen Wirbelbogen. Durch viele B\u00f6gen \u00fcbereinander bildet sich ein Kanal (Wirbelkanal), indem sich das R\u00fcckenmark befindet. Hier werden die Nerven aus der Sch\u00e4delbasis gesch\u00fctzt bis zu der Etage geleitet, von wo sie Paarweise (je ein Nerv re. u. li.) austreten, um dann ein bestimmtes Hautareal, Organ oder Muskelgewebe zu versorgen.<\/p>\n\n\n\n<p>An dieser Stelle ist schon zu erkennen, wie folgenschwer eine Wirbelverschiebung sein kann. Nervengewebe kann gedr\u00fcckt oder eingeklemmt werden und es k\u00e4me zu den unterschiedlichsten Folgeerscheinungen. Wird Muskelgewebe nicht richtig vom Nerv &#8222;angesprochen&#8220;, so kann es zum Muskelkrampf kommen, dieser evtl. an einem Wirbel ansetzende Muskel zieht infolge seiner Verkrampfung so stark, dass er die Wirbelfehlstellung verfestigt. Aber mehr noch, genau von diesem Nerv wird u.U. zus\u00e4tzlich ein inneres Organ versorgt, welches nun in seinem Stoffwechsel beeintr\u00e4chtigt wird. In der oberen Brustwirbels\u00e4ule kann es sich z.B. auf das Herz und in der Lendenwirbels\u00e4ule auf den Unterleib auswirken! Die Organe weisen Symptome einer Durchblutungsst\u00f6rung auf, da die Nerven Einflu\u00df auf das Eng- und Weitstellen der Blutgef\u00e4\u00dfe haben. \u00dcber einen l\u00e4ngeren Zeitraum kann es dadurch zu einem irreversiblen Schaden kommen. Anf\u00e4nglich bemerkt der Patient die Wirbelfehlstellung nur als Blockade &#8211; es blockiert ihn in seiner Bewegungsfreiheit!<\/p>\n\n\n\n<p>Man versucht nun, diese Fehlstellung auszugleichen. Damit wird das urs\u00e4chliche Leiden an andere Stellen im K\u00f6rper verlagert und verursacht auch dort Folgeerkrankungen. Die Gesamte Leistungsf\u00e4higkeit nimmt ab. Ein Patient leidet h\u00e4ufig jahrelang, ohne die Ursachen hierf\u00fcr in der Wirbels\u00e4ule zu suchen. Aber auch andersherum kann z.B. ein Gallenstein oder eine Fehlstellung im Knie, zu einer Fehlstellung der Wirbels\u00e4ule f\u00fchren, da der Patient versucht, diesen Schmerzen auszuweichen, bzw. ein gereizter Nerv diese &#8222;negative Information&#8220; \u00fcbertr\u00e4gt.&nbsp; In beiden F\u00e4llen ist der Chiropraktiker gefordert.<\/p>\n\n\n\n<p>Was ist eigentlich Chiropraktik?<\/p>\n\n\n\n<p>Kurz \u00fcbersetzt: &#8222;mit der Hand behandeln&#8220;.<\/p>\n\n\n\n<p>Mit speziellen Handgriffen, einem umfangreichen anatomischen Wissen wird mit viel Technik und relativ wenig Kraft der Wirbelk\u00f6rper wieder in seine urspr\u00fcngliche Lage zur\u00fcckgebracht oder Gelenke mobilisiert. Ich spreche extra von relativ wenig Kraft, denn man kann es nicht verallgemeinern. Bei einem zierlichen Patienten braucht man nach genauester Lagerung (jeder Wirbel wird einzeln behandelt) z.T. wirklich gar keine Kraft einsetzen sondern l\u00e4\u00dft den Patienten nur ein- und ausatmen! W\u00e4hrend man bei kr\u00e4ftigeren Patienten trotz einer exellenten Lagerung ohne Kraft nicht auskommt.&nbsp; Vor jeder Behandlung erstellt der Chiropraktiker eine genaue Diagnose. Hier beweist der Chiropraktiker seine hohe Fachkompetenz und Fingerfertigkeit.<\/p>\n\n\n\n<p>Durch diese Behandlung der Gelenke gelangt neues Leben in krankes Zellgewebe. Der Patient empfindet diese Therapie im allgemeinen als sehr wohltuend, zumal bei mir vor jeder chiropraktischen Behandlung die Muskulatur mittels bestimmter W\u00e4rmetherapien vorbehandelt wird.<\/p>\n\n\n\n<p>Oft ist schon nach der ersten Behandlung eine Verbesserung sp\u00fcrbar, in der Regel sind jedoch mehrere Termine erforderlich, um eine Stabilisierung zu erreichen.<\/p>\n\n\n\n<p>Die Chiropraktik ist eine Therapie, die nicht nur Symptome, sondern auch die Ursache des Leidens beseitigt.<\/p>\n\n\n\n<p>Hauptindikation der Chiropraktik:<\/p>\n\n\n\n<p>Die bekanntesten sind sicherlich der Ischias-Schmerz mit der Ausstrahlung in die Beine oder aber auch der &#8222;Hexenschu\u00df&#8220;- dar\u00fcberhinaus nat\u00fcrlich auch die &#8222;Bandscheiben-Patienten&#8220; (zu dem Thema an anderer Stelle mehr! <\/p>\n\n\n\n<p>Achtung: Die Homepage befindet sich noch im Aufbau! Sonst einfach mal anrufen: 05031\/700 3102 oder 0172\/5461037 !<\/p>\n\n\n\n<p>Aber auch Magen- und Verdauungsbeschwerden, &#8222;Herzstolpern&#8220;, Einschlafen der H\u00e4nde, Bewegungseinschr\u00e4nkungen der Schultern und des Kopfes, Schmerzen im Knie u.v.m. k\u00f6nnen mit der Chiropraktik therapiert werden<\/p>\n\n\n\n<p>Bei ca. 90% aller Menschen liegt in irgendeiner Form eine Wirbelblockierung vor. Im Interesse der eigenen Gesundheit sollte man sich deshalb mindestens einmal pro Jahr einer Untersuchung durch den Chiropraktiker unterziehen. <strong>Auch bei Kindern, <\/strong>deren Wirbel sich ja noch im Wachstum befinden, ist eine regelm\u00e4\u00dfige Untersuchung von einem guten Chiropraktiker dringend anzuraten, um irreversible Haltungssch\u00e4den vorzubeugen.<\/p>\n","protected":false},"excerpt":{"rendered":"<p>die u.a. in der naturheilkundlichen Praxis therapiert werden k\u00f6nnen : Mit der Akupunktur wendet man sich an die energetische Dysbalance , die w\u00e4hrend einer Erkrankung im K\u00f6rper herrscht. Gelingt es durch die Akupunktur dieses Energiegleichgewicht wieder herzustellen, klingt die Krankheit ab und der Patient f\u00fchlt sich zunehmend besser . Von daher ist die Akupunktur nahezu [&hellip;]<\/p>\n","protected":false},"author":1,"featured_media":0,"parent":0,"menu_order":0,"comment_status":"closed","ping_status":"closed","template":"","meta":{"footnotes":""},"class_list":["post-196","page","type-page","status-publish","hentry"],"_links":{"self":[{"href":"https:\/\/www.hp-nolte.de\/wps\/wp-json\/wp\/v2\/pages\/196","targetHints":{"allow":["GET"]}}],"collection":[{"href":"https:\/\/www.hp-nolte.de\/wps\/wp-json\/wp\/v2\/pages"}],"about":[{"href":"https:\/\/www.hp-nolte.de\/wps\/wp-json\/wp\/v2\/types\/page"}],"author":[{"embeddable":true,"href":"https:\/\/www.hp-nolte.de\/wps\/wp-json\/wp\/v2\/users\/1"}],"replies":[{"embeddable":true,"href":"https:\/\/www.hp-nolte.de\/wps\/wp-json\/wp\/v2\/comments?post=196"}],"version-history":[{"count":4,"href":"https:\/\/www.hp-nolte.de\/wps\/wp-json\/wp\/v2\/pages\/196\/revisions"}],"predecessor-version":[{"id":203,"href":"https:\/\/www.hp-nolte.de\/wps\/wp-json\/wp\/v2\/pages\/196\/revisions\/203"}],"wp:attachment":[{"href":"https:\/\/www.hp-nolte.de\/wps\/wp-json\/wp\/v2\/media?parent=196"}],"curies":[{"name":"wp","href":"https:\/\/api.w.org\/{rel}","templated":true}]}}